{"id":4073,"date":"2020-10-10T21:33:32","date_gmt":"2020-10-10T21:33:32","guid":{"rendered":"https:\/\/zeytincilik.com\/en\/yeni\/?page_id=4073"},"modified":"2020-12-05T16:11:30","modified_gmt":"2020-12-05T16:11:30","slug":"contact-bayir","status":"publish","type":"page","link":"https:\/\/zeytincilik.net\/en\/contact-bayir\/","title":{"rendered":"Contact- Bay\u0131r"},"content":{"rendered":"<p>[vc_row full_width=&#8221;stretch_row_content_no_spaces&#8221; content_placement=&#8221;middle&#8221; css=&#8221;.vc_custom_1543903026109{padding-top: 0px !important;padding-bottom: 0px !important;background-color: #ffffff !important;}&#8221; el_id=&#8221;rs-contact&#8221; el_class=&#8221;rs-contact&#8221;][vc_column width=&#8221;1\/2&#8243; css=&#8221;.vc_custom_1543903170657{padding-top: 0px !important;}&#8221;][vc_gmaps link=&#8221;#E-8_JTNDaWZyYW1lJTIwc3JjJTNEJTIyaHR0cHMlM0ElMkYlMkZ3d3cuZ29vZ2xlLmNvbSUyRm1hcHMlMkZlbWJlZCUzRnBiJTNEJTIxMW0xOCUyMTFtMTIlMjExbTMlMjExZDI1MjY2LjE3NTg5NDg0ODM5NSUyMTJkMjguNDAxNzA1MzUzNzUwNzMlMjEzZDM3LjY2NjMxNjMxMjc3MzIxJTIxMm0zJTIxMWYwJTIxMmYwJTIxM2YwJTIxM20yJTIxMWkxMDI0JTIxMmk3NjglMjE0ZjEzLjElMjEzbTMlMjExbTIlMjExczB4MCUyNTNBMHgwJTIxMnpNemZDc0RRd0p6UXhMamtpVGlBeU9NS3dNak1uTkRVdU5DSkYlMjE1ZTAlMjEzbTIlMjExc3RyJTIxMnN0ciUyMTR2MTYwMjM2NTI4NzIxMCUyMTVtMiUyMTFzdHIlMjEyc3RyJTIyJTIwd2lkdGglM0QlMjI2MDAlMjIlMjBoZWlnaHQlM0QlMjI0NTAlMjIlMjBmcmFtZWJvcmRlciUzRCUyMjAlMjIlMjBzdHlsZSUzRCUyMmJvcmRlciUzQTAlM0IlMjIlMjBhbGxvd2Z1bGxzY3JlZW4lM0QlMjIlMjIlMjBhcmlhLWhpZGRlbiUzRCUyMmZhbHNlJTIyJTIwdGFiaW5kZXglM0QlMjIwJTIyJTNFJTNDJTJGaWZyYW1lJTNF&#8221; el_class=&#8221;contact-map2&#8243; css=&#8221;.vc_custom_1602365294105{margin-bottom: 0px !important;}&#8221;][\/vc_column][vc_column width=&#8221;1\/2&#8243; css=&#8221;.vc_custom_1547038210988{padding-top: 30px !important;padding-right: 20% !important;padding-bottom: 10px !important;padding-left: 40px !important;}&#8221; el_class=&#8221;mpsm-15&#8243;]\r\n        <div class=\"rs-heading   vc_custom_1607184469198  \">\r\n        \t<div class=\"title-inner\">\r\n\t            \r\n\t            <h2 class=\"title\">Our Contact Information<\/h2>\r\n\t            \r\n\t        <\/div><div class=\"description\"><p ><\/p>\n<div class=\"wpb_text_column wpb_content_element \">\n<div class=\"wpb_wrapper\">\n<p>Contact us for any questions, questions, suggestions and complaints<\/p>\n<\/div>\n<\/div>\n<p><\/p><\/div><\/div>[vc_row_inner][vc_column_inner width=&#8221;1\/2&#8243;]\r\n       <div class=\"rs-contact\">\r\n        <div class=\"contact-address style3   \"><div class=\"address-item\">\r\n                <div class=\"address-icon\">\r\n                    <i class=\"icon icon-basic-smartphone\"><\/i>\r\n                <\/div>\r\n                <div class=\"address-text\">\r\n                    <h3 class=\"contact-title\">Phone<\/h3>\r\n                    <a href= \"tel:++90541 606 01 24\">+90541 606 01 24<\/a>\r\n                <\/div>\r\n            <\/div><\/div><\/div>\r\n       <div class=\"rs-contact\">\r\n        <div class=\"contact-address style3   \"><div class=\"address-item\">\r\n                    <div class=\"address-icon\">\r\n                        <i class=\"icon icon-basic-mail-multiple\"><\/i>\r\n                    <\/div>\r\n                    <div class=\"address-text\">\r\n                        <h3 class=\"contact-title\">E-mail<\/h3>\r\n                        <a href= \"mailto:info@zeytincilik.com\">info@zeytincilik.com<\/a>                   \r\n                    <\/div>\r\n                <\/div><\/div><\/div>[\/vc_column_inner][vc_column_inner width=&#8221;1\/2&#8243;]\r\n       <div class=\"rs-contact\">\r\n        <div class=\"contact-address style3   \"><div class=\"address-item\">\r\n                    <div class=\"address-icon\">\r\n                        <i class=\"icon icon-basic-printer\"><\/i>\r\n                    <\/div>\r\n                    <div class=\"address-text\">\r\n                        <h3 class=\"contact-title\">Fax<\/h3>\r\n                        -                 \r\n                    <\/div>\r\n                <\/div><\/div><\/div>\r\n       <div class=\"rs-contact\">\r\n        <div class=\"contact-address style3   \"><div class=\"address-item\">\r\n                    <div class=\"address-icon\">\r\n                        <i class=\"icon icon-basic-geolocalize-01\"><\/i>\r\n                    <\/div>\r\n                    <div class=\"address-text\">\r\n                        <h3 class=\"contact-title\">Address<\/h3>\r\n                        Bay\u0131r Mah. Atat\u00fcrk Bulv. Yata\u011fan\/MU\u011eLA \/ T\u00fcrkiye\r\n                    <\/div>\r\n                <\/div><\/div><\/div>[\/vc_column_inner][\/vc_row_inner][\/vc_column][\/vc_row][vc_row][vc_column][\/vc_column][\/vc_row]<\/p>\n","protected":false},"excerpt":{"rendered":"<p>[vc_row full_width=&#8221;stretch_row_content_no_spaces&#8221; content_placement=&#8221;middle&#8221; css=&#8221;.vc_custom_1543903026109{padding-top: 0px !important;padding-bottom: 0px !important;background-color: #ffffff !important;}&#8221; el_id=&#8221;rs-contact&#8221; el_class=&#8221;rs-contact&#8221;][vc_column width=&#8221;1\/2&#8243; css=&#8221;.vc_custom_1543903170657{padding-top: 0px !important;}&#8221;][vc_gmaps link=&#8221;#E-8_JTNDaWZyYW1lJTIwc3JjJTNEJTIyaHR0cHMlM0ElMkYlMkZ3d3cuZ29vZ2xlLmNvbSUyRm1hcHMlMkZlbWJlZCUzRnBiJTNEJTIxMW0xOCUyMTFtMTIlMjExbTMlMjExZDI1MjY2LjE3NTg5NDg0ODM5NSUyMTJkMjguNDAxNzA1MzUzNzUwNzMlMjEzZDM3LjY2NjMxNjMxMjc3MzIxJTIxMm0zJTIxMWYwJTIxMmYwJTIxM2YwJTIxM20yJTIxMWkxMDI0JTIxMmk3NjglMjE0ZjEzLjElMjEzbTMlMjExbTIlMjExczB4MCUyNTNBMHgwJTIxMnpNemZDc0RRd0p6UXhMamtpVGlBeU9NS3dNak1uTkRVdU5DSkYlMjE1ZTAlMjEzbTIlMjExc3RyJTIxMnN0ciUyMTR2MTYwMjM2NTI4NzIxMCUyMTVtMiUyMTFzdHIlMjEyc3RyJTIyJTIwd2lkdGglM0QlMjI2MDAlMjIlMjBoZWlnaHQlM0QlMjI0NTAlMjIlMjBmcmFtZWJvcmRlciUzRCUyMjAlMjIlMjBzdHlsZSUzRCUyMmJvcmRlciUzQTAlM0IlMjIlMjBhbGxvd2Z1bGxzY3JlZW4lM0QlMjIlMjIlMjBhcmlhLWhpZGRlbiUzRCUyMmZhbHNlJTIyJTIwdGFiaW5kZXglM0QlMjIwJTIyJTNFJTNDJTJGaWZyYW1lJTNF&#8221; el_class=&#8221;contact-map2&#8243; css=&#8221;.vc_custom_1602365294105{margin-bottom: 0px !important;}&#8221;][\/vc_column][vc_column width=&#8221;1\/2&#8243;&#8230;<\/p>\n","protected":false},"author":1,"featured_media":0,"parent":0,"menu_order":0,"comment_status":"closed","ping_status":"closed","template":"","meta":{"footnotes":""},"class_list":["post-4073","page","type-page","status-publish","hentry"],"_links":{"self":[{"href":"https:\/\/zeytincilik.net\/en\/wp-json\/wp\/v2\/pages\/4073","targetHints":{"allow":["GET"]}}],"collection":[{"href":"https:\/\/zeytincilik.net\/en\/wp-json\/wp\/v2\/pages"}],"about":[{"href":"https:\/\/zeytincilik.net\/en\/wp-json\/wp\/v2\/types\/page"}],"author":[{"embeddable":true,"href":"https:\/\/zeytincilik.net\/en\/wp-json\/wp\/v2\/users\/1"}],"replies":[{"embeddable":true,"href":"https:\/\/zeytincilik.net\/en\/wp-json\/wp\/v2\/comments?post=4073"}],"version-history":[{"count":9,"href":"https:\/\/zeytincilik.net\/en\/wp-json\/wp\/v2\/pages\/4073\/revisions"}],"predecessor-version":[{"id":4453,"href":"https:\/\/zeytincilik.net\/en\/wp-json\/wp\/v2\/pages\/4073\/revisions\/4453"}],"wp:attachment":[{"href":"https:\/\/zeytincilik.net\/en\/wp-json\/wp\/v2\/media?parent=4073"}],"curies":[{"name":"wp","href":"https:\/\/api.w.org\/{rel}","templated":true}]}}